{"id":84,"date":"2022-08-01T15:37:45","date_gmt":"2022-08-01T15:37:45","guid":{"rendered":"http:\/\/carpathianmint.com\/?page_id=84"},"modified":"2022-08-22T08:58:28","modified_gmt":"2022-08-22T08:58:28","slug":"terms-conditions","status":"publish","type":"page","link":"https:\/\/carpathianmint.com\/pl\/terms-conditions\/","title":{"rendered":"Zasady i Warunki"},"content":{"rendered":"<p>Dost\u0119pnych jest wiele wariacji fragment\u00f3w Lorem Ipsum, ale wi\u0119kszo\u015b\u0107 dozna\u0142a zmian w jakiej\u015b formie, przez wstrzykni\u0119ty humor lub przypadkowe s\u0142owa, kt\u00f3re nawet w najmniejszym stopniu nie wygl\u0105daj\u0105 na wiarygodne.<\/p>\n<p>Wiele pakiet\u00f3w DTP i edytor\u00f3w stron internetowych<\/p>\n<p>Lorem Ipsum to po prostu fikcyjny tekst bran\u017cy poligraficznej i sk\u0142adu tekstu. Lorem Ipsum jest standardowym fikcyjnym tekstem w bran\u017cy ju\u017c od XVI wieku, kiedy nieznana drukarnia wzi\u0119\u0142a kambuz z czcionkami i posk\u0142ada\u0142a je, by stworzy\u0107 zeszyt z wzorami czcionek. Przetrwa\u0142 nie tylko pi\u0119\u0107 wiek\u00f3w, ale tak\u017ce skok w kierunku sk\u0142adu elektronicznego, pozostaj\u0105c w zasadzie niezmieniony.<\/p>\n<p>Oto wiele dost\u0119pnych odmian Lorem Ipsum, ale wi\u0119kszo\u015b\u0107 ucierpia\u0142a.<br \/>\nPrzetrwa\u0142 nie tylko pi\u0119\u0107 wiek\u00f3w.<br \/>\nDost\u0119pnych jest wiele wariant\u00f3w fragment\u00f3w Lorem Ipsum, ale wi\u0119kszo\u015b\u0107 zosta\u0142a zmieniona w jakiej\u015b formie, przez wstrzykni\u0119ty humor lub przypadkowe s\u0142owa, kt\u00f3re nawet nie wygl\u0105daj\u0105.<br \/>\nR\u00f3\u017cne wersje ewoluowa\u0142y przez lata, czasami<\/p>\n<p>Dost\u0119pnych jest wiele wariacji fragment\u00f3w Lorem Ipsum, ale wi\u0119kszo\u015b\u0107 dozna\u0142a zmian w jakiej\u015b formie, przez wstrzykni\u0119ty humor lub przypadkowe s\u0142owa, kt\u00f3re nawet w najmniejszym stopniu nie wygl\u0105daj\u0105 na wiarygodne. Je\u015bli zamierzasz u\u017cy\u0107 fragmentu Lorem Ipsum, musisz mie\u0107 pewno\u015b\u0107, \u017ce w \u015brodku tekstu nie ma nic wstydliwego. Wszystkie generatory Lorem Ipsum w Internecie maj\u0105 tendencj\u0119 do powtarzania predefiniowanych fragment\u00f3w w razie potrzeby, co czyni go pierwszym prawdziwym generatorem w Internecie. U\u017cywa s\u0142ownika ponad 200 s\u0142\u00f3w \u0142aci\u0144skich w po\u0142\u0105czeniu z kilkoma modelowymi strukturami zda\u0144, aby wygenerowa\u0107 Lorem Ipsum, kt\u00f3ry wygl\u0105da rozs\u0105dnie. Wygenerowany Lorem Ipsum jest zatem zawsze wolny od powt\u00f3rze\u0144, wstrzykiwanego humoru, nietypowych s\u0142\u00f3w itp.<\/p>\n<p>Wiele pakiet\u00f3w DTP i edytor\u00f3w stron internetowych u\u017cywa teraz Lorem Ipsum jako domy\u015blnego tekstu wzorcowego, a wyszukiwanie \u201elorem ipsum\u201d odkryje .<br \/>\nWygenerowany Lorem Ipsum jest zatem zawsze wolny od powt\u00f3rze\u0144, wstrzykiwanego humoru, nietypowych s\u0142\u00f3w itp.<br \/>\nDost\u0119pnych jest wiele wariant\u00f3w fragment\u00f3w Lorem Ipsum, ale wi\u0119kszo\u015b\u0107 zosta\u0142a zmieniona w jakiej\u015b formie, przez wstrzykni\u0119ty humor lub przypadkowe s\u0142owa, kt\u00f3re nawet nie wygl\u0105daj\u0105.<\/p>\n<p>Wiele pakiet\u00f3w DTP i edytor\u00f3w stron internetowych u\u017cywa teraz Lorem Ipsum jako domy\u015blnego tekstu wzorcowego, a wyszukiwanie has\u0142a \u201elorem ipsum\u201d odkryje wiele witryn internetowych, kt\u00f3re s\u0105 jeszcze w powijakach. R\u00f3\u017cne wersje ewoluowa\u0142y przez lata, czasem przypadkowo, czasem celowo (wstrzykiwany humor itp.).<\/p>","protected":false},"excerpt":{"rendered":"<p>Dost\u0119pnych jest wiele wariacji fragment\u00f3w Lorem Ipsum, ale wi\u0119kszo\u015b\u0107 dozna\u0142a zmian w jakiej\u015b formie, przez wstrzykni\u0119ty humor lub przypadkowe s\u0142owa, kt\u00f3re nawet w najmniejszym stopniu nie wygl\u0105daj\u0105 na wiarygodne. Wiele pakiet\u00f3w DTP i edytor\u00f3w stron internetowych Lorem Ipsum to po prostu fikcyjny tekst bran\u017cy poligraficznej i sk\u0142adu tekstu. Lorem Ipsum jest standardowym fikcyjnym tekstem w [&hellip;]<\/p>\n","protected":false},"author":4,"featured_media":0,"parent":0,"menu_order":9,"comment_status":"closed","ping_status":"closed","template":"","meta":{"inline_featured_image":false,"footnotes":""},"class_list":["post-84","page","type-page","status-publish","hentry"],"acf":[],"_links":{"self":[{"href":"https:\/\/carpathianmint.com\/pl\/wp-json\/wp\/v2\/pages\/84","targetHints":{"allow":["GET"]}}],"collection":[{"href":"https:\/\/carpathianmint.com\/pl\/wp-json\/wp\/v2\/pages"}],"about":[{"href":"https:\/\/carpathianmint.com\/pl\/wp-json\/wp\/v2\/types\/page"}],"author":[{"embeddable":true,"href":"https:\/\/carpathianmint.com\/pl\/wp-json\/wp\/v2\/users\/4"}],"replies":[{"embeddable":true,"href":"https:\/\/carpathianmint.com\/pl\/wp-json\/wp\/v2\/comments?post=84"}],"version-history":[{"count":1,"href":"https:\/\/carpathianmint.com\/pl\/wp-json\/wp\/v2\/pages\/84\/revisions"}],"predecessor-version":[{"id":815,"href":"https:\/\/carpathianmint.com\/pl\/wp-json\/wp\/v2\/pages\/84\/revisions\/815"}],"wp:attachment":[{"href":"https:\/\/carpathianmint.com\/pl\/wp-json\/wp\/v2\/media?parent=84"}],"curies":[{"name":"wp","href":"https:\/\/api.w.org\/{rel}","templated":true}]}}